{"id":8,"date":"2019-02-15T08:21:35","date_gmt":"2019-02-15T08:21:35","guid":{"rendered":"http:\/\/thecompany.se\/?page_id=8"},"modified":"2022-05-06T05:39:43","modified_gmt":"2022-05-06T05:39:43","slug":"pumphuset-2","status":"publish","type":"page","link":"https:\/\/thecompany.se\/sv\/pumphuset-2\/","title":{"rendered":"Pumphuset"},"content":{"rendered":"<h3>V\u00e4lkommen att boka ditt event i Pumphuset &#8211; en ny verksamhet i gamla, genuina lokaler.<\/h3>\n<p>H\u00e4r arrangerar vi din f\u00f6retagsfest, privata fest eller annan typ av arrangemang.<br \/>\nVi skr\u00e4ddarsyr mat och dryck s\u00e5 det passar just dina \u00f6nskem\u00e5l.<\/p>\n<p>Vi l\u00e4mnar personlig offert vid f\u00f6rfr\u00e5gan: booking@thecompany.se<br \/>\n&nbsp;<\/p>\n","protected":false},"excerpt":{"rendered":"<p>V\u00e4lkommen att boka ditt event i Pumphuset &#8211; en ny verksamhet i gamla, genuina lokaler. H\u00e4r arrangerar vi din f\u00f6retagsfest, privata fest eller annan typ av arrangemang. Vi skr\u00e4ddarsyr mat och dryck s\u00e5 det passar just dina \u00f6nskem\u00e5l. Vi l\u00e4mnar personlig offert vid f\u00f6rfr\u00e5gan: booking@thecompany.se &nbsp;<\/p>\n","protected":false},"author":4,"featured_media":60,"parent":0,"menu_order":10,"comment_status":"closed","ping_status":"closed","template":"tpl-menuandopen.php","meta":{"_acf_changed":false,"footnotes":""},"class_list":["post-8","page","type-page","status-publish","has-post-thumbnail","hentry"],"acf":[],"_links":{"self":[{"href":"https:\/\/thecompany.se\/sv\/wp-json\/wp\/v2\/pages\/8","targetHints":{"allow":["GET"]}}],"collection":[{"href":"https:\/\/thecompany.se\/sv\/wp-json\/wp\/v2\/pages"}],"about":[{"href":"https:\/\/thecompany.se\/sv\/wp-json\/wp\/v2\/types\/page"}],"author":[{"embeddable":true,"href":"https:\/\/thecompany.se\/sv\/wp-json\/wp\/v2\/users\/4"}],"replies":[{"embeddable":true,"href":"https:\/\/thecompany.se\/sv\/wp-json\/wp\/v2\/comments?post=8"}],"version-history":[{"count":64,"href":"https:\/\/thecompany.se\/sv\/wp-json\/wp\/v2\/pages\/8\/revisions"}],"predecessor-version":[{"id":625,"href":"https:\/\/thecompany.se\/sv\/wp-json\/wp\/v2\/pages\/8\/revisions\/625"}],"wp:featuredmedia":[{"embeddable":true,"href":"https:\/\/thecompany.se\/sv\/wp-json\/wp\/v2\/media\/60"}],"wp:attachment":[{"href":"https:\/\/thecompany.se\/sv\/wp-json\/wp\/v2\/media?parent=8"}],"curies":[{"name":"wp","href":"https:\/\/api.w.org\/{rel}","templated":true}]}}