{"id":6,"date":"2019-02-15T08:16:53","date_gmt":"2019-02-15T08:16:53","guid":{"rendered":"http:\/\/thecompany.se\/?page_id=6"},"modified":"2026-04-15T09:13:52","modified_gmt":"2026-04-15T09:13:52","slug":"startsida","status":"publish","type":"page","link":"https:\/\/thecompany.se\/sv\/","title":{"rendered":"Startsida"},"content":{"rendered":"<h3>The Company \u00e4r inte bara restaurang, bar och caf\u00e9 p\u00e5 Textile Fashion Center&#8230;<\/h3>\n<p>Det \u00e4r ocks\u00e5 en av de viktigaste m\u00f6tesplatserna f\u00f6r alla som \u00e4r en del av omr\u00e5dets kreativa verk-samheter inom mode, textil och design. Och f\u00f6r alla andra som vill vara det. F\u00f6rutom &#8221;m\u00f6tesplats&#8221; \u00e4r samverkan och synergi viktiga ledord f\u00f6r s\u00e5v\u00e4l omr\u00e5det Simonsland i Bor\u00e5s som f\u00f6r The Company.<br \/>\nVi st\u00e5r redo att ta emot just Er p\u00e5 n\u00e5gon av v\u00e5ra enheter.<\/p>\n","protected":false},"excerpt":{"rendered":"<p>The Company \u00e4r inte bara restaurang, bar och caf\u00e9 p\u00e5 Textile Fashion Center&#8230; Det \u00e4r ocks\u00e5 en av de viktigaste m\u00f6tesplatserna f\u00f6r alla som \u00e4r en del av omr\u00e5dets kreativa verk-samheter inom mode, textil och design. Och f\u00f6r alla andra som vill vara det. F\u00f6rutom &#8221;m\u00f6tesplats&#8221; \u00e4r samverkan och synergi viktiga ledord f\u00f6r s\u00e5v\u00e4l omr\u00e5det [&hellip;]<\/p>\n","protected":false},"author":4,"featured_media":0,"parent":0,"menu_order":0,"comment_status":"closed","ping_status":"closed","template":"tpl-start.php","meta":{"_acf_changed":false,"footnotes":""},"class_list":["post-6","page","type-page","status-publish","hentry"],"acf":[],"_links":{"self":[{"href":"https:\/\/thecompany.se\/sv\/wp-json\/wp\/v2\/pages\/6","targetHints":{"allow":["GET"]}}],"collection":[{"href":"https:\/\/thecompany.se\/sv\/wp-json\/wp\/v2\/pages"}],"about":[{"href":"https:\/\/thecompany.se\/sv\/wp-json\/wp\/v2\/types\/page"}],"author":[{"embeddable":true,"href":"https:\/\/thecompany.se\/sv\/wp-json\/wp\/v2\/users\/4"}],"replies":[{"embeddable":true,"href":"https:\/\/thecompany.se\/sv\/wp-json\/wp\/v2\/comments?post=6"}],"version-history":[{"count":72,"href":"https:\/\/thecompany.se\/sv\/wp-json\/wp\/v2\/pages\/6\/revisions"}],"predecessor-version":[{"id":2087,"href":"https:\/\/thecompany.se\/sv\/wp-json\/wp\/v2\/pages\/6\/revisions\/2087"}],"wp:attachment":[{"href":"https:\/\/thecompany.se\/sv\/wp-json\/wp\/v2\/media?parent=6"}],"curies":[{"name":"wp","href":"https:\/\/api.w.org\/{rel}","templated":true}]}}