{"id":26,"date":"2019-02-15T08:23:20","date_gmt":"2019-02-15T08:23:20","guid":{"rendered":"http:\/\/thecompany.se\/?page_id=26"},"modified":"2021-09-07T09:42:16","modified_gmt":"2021-09-07T09:42:16","slug":"om-oss","status":"publish","type":"page","link":"https:\/\/thecompany.se\/sv\/om-oss\/","title":{"rendered":"Om oss"},"content":{"rendered":"<div class=\"top-pad group\">\n<div class=\"text left\">\n<h3>Det var inte l\u00e4ngesedan det h\u00e4r var en sluten del av staden. En plats dit en del av oss tog sig dag f\u00f6r dag, \u00e5r efter \u00e5r f\u00f6r att arbeta i spinnerierna, garverierna eller f\u00e4rgerierna. Det var nyss &#8211; \u00e4nd\u00e5 k\u00e4nns det s\u00e5 l\u00e4ngesedan.<\/h3>\n<p>Maskinerna har tystnat. Viskans vatten rinner \u00e5ter klart och pl\u00f6tsligt syns m\u00e4ngder av nya ansikten, alla dagar i veckan. F\u00f6r fabriken \u00e4r \u00e5ter i full g\u00e5ng och den \u00e4r \u00f6ppen f\u00f6r alla. Vi forts\u00e4tter att arbeta och tillverka saker p\u00e5 det gamla industriomr\u00e5det. Men vi har st\u00e4llt om produktionen och tillverkar n\u00e5got nytt.<\/p>\n<p>Produkten heter &#8217;gemenskap&#8217; och vi vet att efterfr\u00e5gan \u00e4r stor.<\/p>\n<h3><span class=\"item-title\">V\u00e5ra verktyg \u00e4r mat, dryck och ett stort hj\u00e4rta. Verktyg som skapar f\u00f6ruts\u00e4ttningar f\u00f6r m\u00f6ten och id\u00e9er p\u00e5 en restaurang d\u00e4r m\u00e4nniskor kan komma varandra n\u00e4ra.<\/span><\/h3>\n<p>Rutin har f\u00f6rvandlats till omv\u00e4xling och massproduktion till kreativitet. Samtidigt finns mycket av platsens atmosf\u00e4r och sj\u00e4l kvar. Det of\u00f6rst\u00e4llda och \u00e4kta, \u00e4rliga och hj\u00e4rtliga. Vi g\u00f6r allt f\u00f6r att du ska trivas.<\/p>\n<p>&nbsp;<\/p>\n<h3>V\u00e4lkommen till en ny verksamhet som tillverkar en ny produkt i det gamla industriomr\u00e5det p\u00e5 Simonsland. <\/p>\n<h3>V\u00e4lkommen\u00a0hem till oss!<\/h3>\n<p>\u200b<\/p>\n","protected":false},"excerpt":{"rendered":"<p>Det var inte l\u00e4ngesedan det h\u00e4r var en sluten del av staden. En plats dit en del av oss tog sig dag f\u00f6r dag, \u00e5r efter \u00e5r f\u00f6r att arbeta i spinnerierna, garverierna eller f\u00e4rgerierna. Det var nyss &#8211; \u00e4nd\u00e5 k\u00e4nns det s\u00e5 l\u00e4ngesedan. Maskinerna har tystnat. Viskans vatten rinner \u00e5ter klart och pl\u00f6tsligt syns [&hellip;]<\/p>\n","protected":false},"author":4,"featured_media":104,"parent":0,"menu_order":60,"comment_status":"closed","ping_status":"closed","template":"","meta":{"_acf_changed":false,"footnotes":""},"class_list":["post-26","page","type-page","status-publish","has-post-thumbnail","hentry"],"acf":[],"_links":{"self":[{"href":"https:\/\/thecompany.se\/sv\/wp-json\/wp\/v2\/pages\/26","targetHints":{"allow":["GET"]}}],"collection":[{"href":"https:\/\/thecompany.se\/sv\/wp-json\/wp\/v2\/pages"}],"about":[{"href":"https:\/\/thecompany.se\/sv\/wp-json\/wp\/v2\/types\/page"}],"author":[{"embeddable":true,"href":"https:\/\/thecompany.se\/sv\/wp-json\/wp\/v2\/users\/4"}],"replies":[{"embeddable":true,"href":"https:\/\/thecompany.se\/sv\/wp-json\/wp\/v2\/comments?post=26"}],"version-history":[{"count":6,"href":"https:\/\/thecompany.se\/sv\/wp-json\/wp\/v2\/pages\/26\/revisions"}],"predecessor-version":[{"id":322,"href":"https:\/\/thecompany.se\/sv\/wp-json\/wp\/v2\/pages\/26\/revisions\/322"}],"wp:featuredmedia":[{"embeddable":true,"href":"https:\/\/thecompany.se\/sv\/wp-json\/wp\/v2\/media\/104"}],"wp:attachment":[{"href":"https:\/\/thecompany.se\/sv\/wp-json\/wp\/v2\/media?parent=26"}],"curies":[{"name":"wp","href":"https:\/\/api.w.org\/{rel}","templated":true}]}}