{"id":22,"date":"2019-02-15T08:23:06","date_gmt":"2019-02-15T08:23:06","guid":{"rendered":"http:\/\/thecompany.se\/?page_id=22"},"modified":"2023-01-10T10:56:03","modified_gmt":"2023-01-10T10:56:03","slug":"brollop-fest","status":"publish","type":"page","link":"https:\/\/thecompany.se\/sv\/brollop-fest\/","title":{"rendered":"Restaurangen"},"content":{"rendered":"<h3>The Company, den goda m\u00f6tesplatsen f\u00f6r alla &#8211; litet som stort s\u00e4llskap!<\/h3>\n<div id=\"svid12_319a7d29150adb00c8f228fd\">\n<p class=\"normal\" style=\"text-align: center;\">Varmt v\u00e4lkomna till en god m\u00f6tesplats! Vi kan evenemang, fr\u00e5n sm\u00e5tt till stort.\u00a0Vi arbetar n\u00e4ra v\u00e5ra kunder och dess g\u00e4ster och ser till att upplevelsen\u00a0skr\u00e4ddarsys f\u00f6r varje enskilt tillf\u00e4lle.\u00a0Kontakta oss g\u00e4rna f\u00f6r visning av v\u00e5ra fantastiska lokaler.<\/p>\n<\/div>\n<div id=\"svid12_319a7d29150adb00c8f228fe\" class=\"sv-text-portlet sv-use-margins\">\n<div class=\"sv-text-portlet-content\">\n<p style=\"text-align: center;\"><strong>Hj\u00e4rtligt v\u00e4lkomna med Er f\u00f6rfr\u00e5gan!<\/strong><\/p>\n<\/div>\n<\/div>\n<div class=\"conference-list group\">\n<div class=\"item\"><a href=\"gamla-matsalen\/\"><br \/>\n<img decoding=\"async\" src=\"..\/..\/raw\/media\/1220\/_g7q0884-width=500&amp;height=320&amp;mode=crop&amp;quality=65.jpg\" \/><br \/>\n<\/a><\/p>\n<h3>Gamla Matsalen<\/h3>\n<p>f\u00f6r Er som \u00f6nskar en unik upplevelse!<\/p>\n<p><a href=\"gamla-matsalen\/\">L\u00e4s mer och boka<\/a><\/p>\n<\/div>\n<div class=\"item\"><a href=\"the-food-company\/\"><br \/>\n<img decoding=\"async\" src=\"..\/..\/raw\/media\/1088\/the-food-company4-width=500&amp;height=320&amp;mode=crop&amp;quality=65.jpg\" \/><br \/>\n<\/a><\/p>\n<h3>The Food Company<\/h3>\n<p>en sj\u00e4lvklar m\u00f6tesplats f\u00f6r alla!<\/p>\n<p><a href=\"the-food-company\/\">L\u00e4s mer och boka<\/a><\/p>\n<\/div>\n<div class=\"item\"><a href=\"pumphuset\/\"><br \/>\n<img decoding=\"async\" src=\"..\/..\/raw\/media\/1152\/pumphuset-width=500&amp;height=320&amp;mode=crop&amp;quality=65.jpeg\" \/><br \/>\n<\/a><\/p>\n<h3>Pumphuset<\/h3>\n<p>en ny verksamhet i gamla lokaler!<\/p>\n<p><a href=\"pumphuset\/\">L\u00e4s mer och boka<\/a><\/p>\n<\/div>\n<\/div>\n","protected":false},"excerpt":{"rendered":"<p>The Company, den goda m\u00f6tesplatsen f\u00f6r alla &#8211; litet som stort s\u00e4llskap! Varmt v\u00e4lkomna till en god m\u00f6tesplats! Vi kan evenemang, fr\u00e5n sm\u00e5tt till stort.\u00a0Vi arbetar n\u00e4ra v\u00e5ra kunder och dess g\u00e4ster och ser till att upplevelsen\u00a0skr\u00e4ddarsys f\u00f6r varje enskilt tillf\u00e4lle.\u00a0Kontakta oss g\u00e4rna f\u00f6r visning av v\u00e5ra fantastiska lokaler. Hj\u00e4rtligt v\u00e4lkomna med Er f\u00f6rfr\u00e5gan! Gamla [&hellip;]<\/p>\n","protected":false},"author":4,"featured_media":708,"parent":0,"menu_order":50,"comment_status":"closed","ping_status":"closed","template":"","meta":{"_acf_changed":false,"footnotes":""},"class_list":["post-22","page","type-page","status-publish","has-post-thumbnail","hentry"],"acf":[],"_links":{"self":[{"href":"https:\/\/thecompany.se\/sv\/wp-json\/wp\/v2\/pages\/22","targetHints":{"allow":["GET"]}}],"collection":[{"href":"https:\/\/thecompany.se\/sv\/wp-json\/wp\/v2\/pages"}],"about":[{"href":"https:\/\/thecompany.se\/sv\/wp-json\/wp\/v2\/types\/page"}],"author":[{"embeddable":true,"href":"https:\/\/thecompany.se\/sv\/wp-json\/wp\/v2\/users\/4"}],"replies":[{"embeddable":true,"href":"https:\/\/thecompany.se\/sv\/wp-json\/wp\/v2\/comments?post=22"}],"version-history":[{"count":20,"href":"https:\/\/thecompany.se\/sv\/wp-json\/wp\/v2\/pages\/22\/revisions"}],"predecessor-version":[{"id":510,"href":"https:\/\/thecompany.se\/sv\/wp-json\/wp\/v2\/pages\/22\/revisions\/510"}],"wp:featuredmedia":[{"embeddable":true,"href":"https:\/\/thecompany.se\/sv\/wp-json\/wp\/v2\/media\/708"}],"wp:attachment":[{"href":"https:\/\/thecompany.se\/sv\/wp-json\/wp\/v2\/media?parent=22"}],"curies":[{"name":"wp","href":"https:\/\/api.w.org\/{rel}","templated":true}]}}