{"id":18,"date":"2019-02-15T08:22:40","date_gmt":"2019-02-15T08:22:40","guid":{"rendered":"http:\/\/thecompany.se\/?page_id=18"},"modified":"2021-11-21T08:43:13","modified_gmt":"2021-11-21T08:43:13","slug":"krav","status":"publish","type":"page","link":"https:\/\/thecompany.se\/sv\/krav\/","title":{"rendered":"Milj\u00f6 och resurshush\u00e5llning"},"content":{"rendered":"<h3>Manufacturing togetherness<\/h3>\n<p>Vi str\u00e4var st\u00e4ndigt efter att minska milj\u00f6belastningen fr\u00e5n v\u00e5r verksamhet. Vi v\u00e4ljer alltid f\u00f6rnyelsebara material och r\u00e5varor f\u00f6r att minimera verksamhetens milj\u00f6belastning d\u00e5 alternativ finns. Sj\u00e4lvklart levereras all v\u00e5r mat med transportfirmor som har ett aktivt milj\u00f6t\u00e4nk- och arbete.<\/p>\n<p>Vi f\u00f6rs\u00f6ker alltid minska m\u00e4ngden osorterat avfall, detta g\u00f6r vi genom material\u00e5tervinning- minimering och f\u00f6rbrukning av s\u00e5 milj\u00f6v\u00e4nligt eng\u00e5ngsmaterial\u00a0 som m\u00f6jligt, samt att g\u00f6ra kunden uppm\u00e4rksam p\u00e5 de negativa milj\u00f6f\u00f6ljderna av att st\u00e4ndigt l\u00e4mna mat.<\/p>\n<p>Vi jobbar st\u00e4ndigt och uppdaterat med v\u00e5r\u00a0egenkontroll av verksamheterna, detta f\u00f6r att minimera riskerna f\u00f6r p\u00e5verkan p\u00e5 milj\u00f6n och m\u00e4nniskors h\u00e4lsa.<\/p>\n<p><img decoding=\"async\" style=\"width: 250px; height: 148px;\" src=\"..\/..\/media\/1182\/inthecompany-of-change%20(w250_h148_u)-width=250&amp;height=148.png\" alt=\"\" data-id=\"1414\" \/><\/p>\n","protected":false},"excerpt":{"rendered":"<p>Manufacturing togetherness Vi str\u00e4var st\u00e4ndigt efter att minska milj\u00f6belastningen fr\u00e5n v\u00e5r verksamhet. Vi v\u00e4ljer alltid f\u00f6rnyelsebara material och r\u00e5varor f\u00f6r att minimera verksamhetens milj\u00f6belastning d\u00e5 alternativ finns. Sj\u00e4lvklart levereras all v\u00e5r mat med transportfirmor som har ett aktivt milj\u00f6t\u00e4nk- och arbete. Vi f\u00f6rs\u00f6ker alltid minska m\u00e4ngden osorterat avfall, detta g\u00f6r vi genom material\u00e5tervinning- minimering och [&hellip;]<\/p>\n","protected":false},"author":4,"featured_media":104,"parent":0,"menu_order":70,"comment_status":"closed","ping_status":"closed","template":"","meta":{"_acf_changed":false,"footnotes":""},"class_list":["post-18","page","type-page","status-publish","has-post-thumbnail","hentry"],"acf":[],"_links":{"self":[{"href":"https:\/\/thecompany.se\/sv\/wp-json\/wp\/v2\/pages\/18","targetHints":{"allow":["GET"]}}],"collection":[{"href":"https:\/\/thecompany.se\/sv\/wp-json\/wp\/v2\/pages"}],"about":[{"href":"https:\/\/thecompany.se\/sv\/wp-json\/wp\/v2\/types\/page"}],"author":[{"embeddable":true,"href":"https:\/\/thecompany.se\/sv\/wp-json\/wp\/v2\/users\/4"}],"replies":[{"embeddable":true,"href":"https:\/\/thecompany.se\/sv\/wp-json\/wp\/v2\/comments?post=18"}],"version-history":[{"count":7,"href":"https:\/\/thecompany.se\/sv\/wp-json\/wp\/v2\/pages\/18\/revisions"}],"predecessor-version":[{"id":552,"href":"https:\/\/thecompany.se\/sv\/wp-json\/wp\/v2\/pages\/18\/revisions\/552"}],"wp:featuredmedia":[{"embeddable":true,"href":"https:\/\/thecompany.se\/sv\/wp-json\/wp\/v2\/media\/104"}],"wp:attachment":[{"href":"https:\/\/thecompany.se\/sv\/wp-json\/wp\/v2\/media?parent=18"}],"curies":[{"name":"wp","href":"https:\/\/api.w.org\/{rel}","templated":true}]}}