{"id":134,"date":"2019-02-17T16:45:15","date_gmt":"2019-02-17T16:45:15","guid":{"rendered":"http:\/\/thecompany.se\/?page_id=134"},"modified":"2021-09-07T09:25:55","modified_gmt":"2021-09-07T09:25:55","slug":"pumphuset","status":"publish","type":"page","link":"https:\/\/thecompany.se\/sv\/pumphuset\/","title":{"rendered":"Pumphuset"},"content":{"rendered":"<h3>Malt &#8211; mat &#8211; m&#246;ten!<\/h3>\n<p><span>V\u00e4lkommen till Pumphuset &#8211; en ny verksamhet i gamla, genuina lokaler!\u00a0Vi tillverkar allt med hj\u00e4rta och vi brinner f\u00f6r gemenskap. Att m\u00f6tas i Pumphuset \u00e4r s\u00e5 mycket mer \u00e4n bara ett m\u00f6te eller fest. <\/span><\/p>\n<p><span>. Maila eller ring oss f\u00f6r mer information eller visning av Pumphuset.\u00a0<\/span><\/p>\n<p><strong>Pumphuset l\u00e4mpar sig utm\u00e4rkt f\u00f6r alla typer av m\u00f6ten, presentationer och mingel.<\/strong><\/p>\n","protected":false},"excerpt":{"rendered":"<p>Malt &#8211; mat &#8211; m&#246;ten! V\u00e4lkommen till Pumphuset &#8211; en ny verksamhet i gamla, genuina lokaler!\u00a0Vi tillverkar allt med hj\u00e4rta och vi brinner f\u00f6r gemenskap. Att m\u00f6tas i Pumphuset \u00e4r s\u00e5 mycket mer \u00e4n bara ett m\u00f6te eller fest. . Maila eller ring oss f\u00f6r mer information eller visning av Pumphuset.\u00a0 Pumphuset l\u00e4mpar sig utm\u00e4rkt [&hellip;]<\/p>\n","protected":false},"author":4,"featured_media":136,"parent":0,"menu_order":9999,"comment_status":"closed","ping_status":"closed","template":"","meta":{"_acf_changed":false,"footnotes":""},"class_list":["post-134","page","type-page","status-publish","has-post-thumbnail","hentry"],"acf":[],"_links":{"self":[{"href":"https:\/\/thecompany.se\/sv\/wp-json\/wp\/v2\/pages\/134","targetHints":{"allow":["GET"]}}],"collection":[{"href":"https:\/\/thecompany.se\/sv\/wp-json\/wp\/v2\/pages"}],"about":[{"href":"https:\/\/thecompany.se\/sv\/wp-json\/wp\/v2\/types\/page"}],"author":[{"embeddable":true,"href":"https:\/\/thecompany.se\/sv\/wp-json\/wp\/v2\/users\/4"}],"replies":[{"embeddable":true,"href":"https:\/\/thecompany.se\/sv\/wp-json\/wp\/v2\/comments?post=134"}],"version-history":[{"count":3,"href":"https:\/\/thecompany.se\/sv\/wp-json\/wp\/v2\/pages\/134\/revisions"}],"predecessor-version":[{"id":323,"href":"https:\/\/thecompany.se\/sv\/wp-json\/wp\/v2\/pages\/134\/revisions\/323"}],"wp:featuredmedia":[{"embeddable":true,"href":"https:\/\/thecompany.se\/sv\/wp-json\/wp\/v2\/media\/136"}],"wp:attachment":[{"href":"https:\/\/thecompany.se\/sv\/wp-json\/wp\/v2\/media?parent=134"}],"curies":[{"name":"wp","href":"https:\/\/api.w.org\/{rel}","templated":true}]}}