{"id":113,"date":"2019-02-17T15:20:27","date_gmt":"2019-02-17T15:20:27","guid":{"rendered":"http:\/\/thecompany.se\/?page_id=113"},"modified":"2021-09-07T09:34:22","modified_gmt":"2021-09-07T09:34:22","slug":"gamla-matsalen","status":"publish","type":"page","link":"https:\/\/thecompany.se\/sv\/brollop-fest\/gamla-matsalen\/","title":{"rendered":"Gamla Matsalen"},"content":{"rendered":"<h3>Unik milj\u00f6, unika arrangemang!<\/h3>\n<p><strong>Gamla Matsalen <\/strong>(max &#8211; 75 &#8211; 80 p)<br \/>\nGamla Matsalen \u00e4r precis vad namnet skvallrar om, en unik personalmatsal fr\u00e5n 40-talet! H\u00e4r \u00e4r platsen f\u00f6r er som \u00f6nskar en annorlunda milj\u00f6 och ett skr\u00e4ddarsytt arrangemang.<\/p>\n<p>Du som \u00e4r intresserad av att arrangera en privat fest \u00e4r v\u00e4lkommen med en offertf\u00f6rfr\u00e5gan.<\/p>\n","protected":false},"excerpt":{"rendered":"<p>Unik milj\u00f6, unika arrangemang! Gamla Matsalen (max &#8211; 75 &#8211; 80 p) Gamla Matsalen \u00e4r precis vad namnet skvallrar om, en unik personalmatsal fr\u00e5n 40-talet! H\u00e4r \u00e4r platsen f\u00f6r er som \u00f6nskar en annorlunda milj\u00f6 och ett skr\u00e4ddarsytt arrangemang. Du som \u00e4r intresserad av att arrangera en privat fest \u00e4r v\u00e4lkommen med en offertf\u00f6rfr\u00e5gan.<\/p>\n","protected":false},"author":4,"featured_media":383,"parent":22,"menu_order":0,"comment_status":"closed","ping_status":"closed","template":"","meta":{"_acf_changed":false,"footnotes":""},"class_list":["post-113","page","type-page","status-publish","has-post-thumbnail","hentry"],"acf":[],"_links":{"self":[{"href":"https:\/\/thecompany.se\/sv\/wp-json\/wp\/v2\/pages\/113","targetHints":{"allow":["GET"]}}],"collection":[{"href":"https:\/\/thecompany.se\/sv\/wp-json\/wp\/v2\/pages"}],"about":[{"href":"https:\/\/thecompany.se\/sv\/wp-json\/wp\/v2\/types\/page"}],"author":[{"embeddable":true,"href":"https:\/\/thecompany.se\/sv\/wp-json\/wp\/v2\/users\/4"}],"replies":[{"embeddable":true,"href":"https:\/\/thecompany.se\/sv\/wp-json\/wp\/v2\/comments?post=113"}],"version-history":[{"count":16,"href":"https:\/\/thecompany.se\/sv\/wp-json\/wp\/v2\/pages\/113\/revisions"}],"predecessor-version":[{"id":513,"href":"https:\/\/thecompany.se\/sv\/wp-json\/wp\/v2\/pages\/113\/revisions\/513"}],"up":[{"embeddable":true,"href":"https:\/\/thecompany.se\/sv\/wp-json\/wp\/v2\/pages\/22"}],"wp:featuredmedia":[{"embeddable":true,"href":"https:\/\/thecompany.se\/sv\/wp-json\/wp\/v2\/media\/383"}],"wp:attachment":[{"href":"https:\/\/thecompany.se\/sv\/wp-json\/wp\/v2\/media?parent=113"}],"curies":[{"name":"wp","href":"https:\/\/api.w.org\/{rel}","templated":true}]}}